{"id":28,"date":"2026-01-07T03:31:43","date_gmt":"2026-01-07T03:31:43","guid":{"rendered":"https:\/\/189wg.dev\/?page_id=28"},"modified":"2026-01-07T05:09:35","modified_gmt":"2026-01-07T05:09:35","slug":"trang-chu","status":"publish","type":"page","link":"https:\/\/189wg.dev\/","title":{"rendered":"Trang ch\u1ee7"},"content":{"rendered":"<div class=\"row row-collapse row-full-width\"  id=\"row-1752609239\">\n\n\t<div id=\"col-1474011185\" class=\"col medium-4 large-4\"  >\n\t\t\t\t<div class=\"col-inner\"  >\n\t\t\t\n\t\t\t\n\t<div class=\"img has-hover x md-x lg-x y md-y lg-y\" id=\"image_1577541012\">\n\t\t<a class=\"\" href=\"https:\/\/189wg.dev\/qc\/1\" target=\"_blank\" rel=\"noopener\" >\t\t\t\t\t\t<div class=\"img-inner dark\" >\n\t\t\t<img loading=\"lazy\" decoding=\"async\" width=\"710\" height=\"320\" src=\"https:\/\/189wg.dev\/wp-content\/uploads\/2026\/01\/189WG-CSKH.png\" class=\"attachment-original size-original\" alt=\"189WG\" srcset=\"https:\/\/189wg.dev\/wp-content\/uploads\/2026\/01\/189WG-CSKH.png 710w, https:\/\/189wg.dev\/wp-content\/uploads\/2026\/01\/189WG-CSKH-300x135.png 300w\" sizes=\"auto, (max-width: 710px) 100vw, 710px\" \/>\t\t\t\t\t\t\n\t\t\t\t\t<\/div>\n\t\t\t\t\t\t<\/a>\t\t\n<style>\n#image_1577541012 {\n  width: 100%;\n}\n<\/style>\n\t<\/div>\n\t\n\t\t<\/div>\n\t\t\t\t\t<\/div>\n\n\t\n\n\t<div id=\"col-452156291\" class=\"col medium-4 large-4\"  >\n\t\t\t\t<div class=\"col-inner\"  >\n\t\t\t\n\t\t\t\n\t<div class=\"img has-hover x md-x lg-x y md-y lg-y\" id=\"image_360062138\">\n\t\t<a class=\"\" href=\"https:\/\/189wg.dev\/qc\/1\" target=\"_blank\" rel=\"noopener\" >\t\t\t\t\t\t<div class=\"img-inner dark\" >\n\t\t\t<img loading=\"lazy\" decoding=\"async\" width=\"710\" height=\"320\" src=\"https:\/\/189wg.dev\/wp-content\/uploads\/2026\/01\/189WG-THUONG.png\" class=\"attachment-original size-original\" alt=\"\" srcset=\"https:\/\/189wg.dev\/wp-content\/uploads\/2026\/01\/189WG-THUONG.png 710w, https:\/\/189wg.dev\/wp-content\/uploads\/2026\/01\/189WG-THUONG-300x135.png 300w\" sizes=\"auto, (max-width: 710px) 100vw, 710px\" \/>\t\t\t\t\t\t\n\t\t\t\t\t<\/div>\n\t\t\t\t\t\t<\/a>\t\t\n<style>\n#image_360062138 {\n  width: 100%;\n}\n<\/style>\n\t<\/div>\n\t\n\t\t<\/div>\n\t\t\t\t\t<\/div>\n\n\t\n\n\t<div id=\"col-1342169305\" class=\"col medium-4 large-4\"  >\n\t\t\t\t<div class=\"col-inner\"  >\n\t\t\t\n\t\t\t\n\t<div class=\"img has-hover x md-x lg-x y md-y lg-y\" id=\"image_1080645985\">\n\t\t<a class=\"\" href=\"https:\/\/189wg.dev\/qc\/1\" target=\"_blank\" rel=\"noopener\" >\t\t\t\t\t\t<div class=\"img-inner dark\" >\n\t\t\t<img loading=\"lazy\" decoding=\"async\" width=\"710\" height=\"320\" src=\"https:\/\/189wg.dev\/wp-content\/uploads\/2026\/01\/189WG-VIP.png\" class=\"attachment-original size-original\" alt=\"\" srcset=\"https:\/\/189wg.dev\/wp-content\/uploads\/2026\/01\/189WG-VIP.png 710w, https:\/\/189wg.dev\/wp-content\/uploads\/2026\/01\/189WG-VIP-300x135.png 300w\" sizes=\"auto, (max-width: 710px) 100vw, 710px\" \/>\t\t\t\t\t\t\n\t\t\t\t\t<\/div>\n\t\t\t\t\t\t<\/a>\t\t\n<style>\n#image_1080645985 {\n  width: 100%;\n}\n<\/style>\n\t<\/div>\n\t\n\t\t<\/div>\n\t\t\t\t\t<\/div>\n\n\t\n<\/div>\n<div class=\"row\"  id=\"row-887977193\">\n\n\t<div id=\"col-128207090\" class=\"col small-12 large-12\"  >\n\t\t\t\t<div class=\"col-inner\"  >\n\t\t\t\n\t\t\t\n\t<div id=\"text-175480344\" class=\"text\">\n\t\t\n<h1 style=\"text-align: center;\"><span style=\"font-family: verdana, geneva, sans-serif; color: #b68d45;\"><strong><a style=\"color: #b68d45;\" href=\"https:\/\/189wg.com\/\" target=\"_blank\" rel=\"noopener\">189WG<\/a> \u2013 Th\u01b0\u01a1ng Hi\u1ec7u C\u00e1 C\u01b0\u1ee3c Uy T\u00edn #1 Ch\u00e2u \u00c1 | Link Truy C\u1eadp M\u1edbi Nh\u1ea5t 2026<\/strong><\/span><\/h1>\n<p data-start=\"250\" data-end=\"558\"><span style=\"font-family: verdana, geneva, sans-serif;\"><span style=\"color: #b68d45;\"><a style=\"color: #b68d45;\" href=\"https:\/\/189wg.dev\/\">189WG<\/a> <\/span>lu\u00f4n l\u00e0 c\u00e1i t\u00ean n\u1ed5i b\u1eadt nh\u1edd s\u1ef1 k\u1ebft h\u1ee3p gi\u1eefa c\u00f4ng ngh\u1ec7 hi\u1ec7n \u0111\u1ea1i, h\u1ec7 th\u1ed1ng tr\u00f2 ch\u01a1i phong ph\u00fa v\u00e0 d\u1ecbch v\u1ee5 kh\u00e1ch h\u00e0ng t\u1eadn t\u00e2m v\u00e0 l\u00e0 \u0111\u1ecba ch\u1ec9 uy t\u00edn d\u00e0nh cho nh\u1eefng ai y\u00eau th\u00edch gi\u1ea3i tr\u00ed tr\u1ef1c tuy\u1ebfn. T\u1eeb khi xu\u1ea5t hi\u1ec7n tr\u00ean th\u1ecb tr\u01b0\u1eddng, \u0111\u00e3 t\u1ea1o d\u1ef1ng \u0111\u01b0\u1ee3c uy t\u00edn v\u1eefng ch\u1eafc v\u1edbi h\u00e0ng ngh\u00ecn ng\u01b0\u1eddi ch\u01a1i th\u01b0\u1eddng xuy\u00ean truy c\u1eadp m\u1ed7i ng\u00e0y.<\/span><\/p>\n<p data-start=\"250\" data-end=\"558\"><span style=\"font-family: verdana, geneva, sans-serif;\">N\u1ec1n t\u1ea3ng n\u00e0y cung c\u1ea5p h\u00e0ng lo\u1ea1t tr\u00f2 ch\u01a1i \u0111\u1ed5i th\u01b0\u1edfng h\u1ea5p d\u1eabn c\u00f9ng c\u01a1 ch\u1ebf thanh to\u00e1n nhanh ch\u00f3ng v\u00e0 b\u1ea3o m\u1eadt an to\u00e0n. Ng\u01b0\u1eddi ch\u01a1i c\u00f3 th\u1ec3 t\u1eadn h\u01b0\u1edfng nh\u1eefng gi\u00e2y ph\u00fat th\u01b0 gi\u00e3n v\u1edbi nhi\u1ec1u t\u1ef1a game th\u00fa v\u1ecb v\u00e0 c\u01a1 h\u1ed9i nh\u1eadn th\u01b0\u1edfng cao v\u1edbi m\u00f4i tr\u01b0\u1eddng an to\u00e0n, minh b\u1ea1ch v\u00e0 t\u1ef7 l\u1ec7 tr\u1ea3 th\u01b0\u1edfng c\u1ea1nh tranh.<\/span><\/p>\n<h2 data-start=\"748\" data-end=\"780\"><span style=\"font-family: verdana, geneva, sans-serif; color: #b68d45;\">Tr\u1ea3i nghi\u1ec7m \u0111\u1eb3ng c\u1ea5p t\u1ea1i\u00a0189WG COM<\/span><\/h2>\n<p data-start=\"782\" data-end=\"1034\"><span style=\"font-family: verdana, geneva, sans-serif;\">\u0110i\u1ec3m khi\u1ebfn 189WG \u0111\u01b0\u1ee3c y\u00eau th\u00edch ch\u00ednh l\u00e0 Giao di\u1ec7n thi\u1ebft k\u1ebf th\u00e2n thi\u1ec7n,h\u1ed7 tr\u1ee3 ti\u1ebfng vi\u1ec7c 100%, t\u1ed1c \u0111\u1ed9 t\u1ea3i nhanh, thao t\u00e1c \u0111\u01a1n gi\u1ea3n c\u0169ng khi\u1ebfn ng\u01b0\u1eddi ch\u01a1i d\u1ec5 d\u00e0ng ti\u1ebfp c\u1eadn v\u00e0 t\u1eadn h\u01b0\u1edfng m\u00e0 kh\u00f4ng g\u1eb7p tr\u1edf ng\u1ea1i, b\u1ed1 c\u1ee5c g\u1ecdn g\u00e0ng gi\u00fap ng\u01b0\u1eddi ch\u01a1i d\u1ec5 d\u00e0ng t\u00ecm ki\u1ebfm tr\u00f2 ch\u01a1i y\u00eau th\u00edch..<\/span><\/p>\n<p data-start=\"1036\" data-end=\"1220\"><span style=\"font-family: verdana, geneva, sans-serif;\">V\u1ec1 b\u1ea3o m\u1eadt, nh\u00e0 c\u00e1i \u00e1p d\u1ee5ng m\u00e3 h\u00f3a b\u1eb1ng c\u00f4ng ngh\u1ec7 SSL 128bit ti\u00ean ti\u1ebfn h\u00e0ng \u0111\u1ea7u th\u1ebf gi\u1edbi, k\u1ebft h\u1ee3p x\u00e1c th\u1ef1c OTP cho m\u1ecdi giao d\u1ecbch n\u1ea1p \u2013 r\u00fat. T\u1ea5t c\u1ea3 th\u00f4ng tin \u0111\u1ec1u \u0111\u01b0\u1ee3c ki\u1ec3m tra \u0111\u1ecbnh k\u1ef3, ng\u0103n ch\u1eb7n t\u1ed1i \u0111a r\u1ee7i ro r\u00f2 r\u1ec9.<\/span><\/p>\n<h3 data-start=\"1227\" data-end=\"1274\"><span style=\"font-family: verdana, geneva, sans-serif; color: #b68d45;\">Kho tr\u00f2 ch\u01a1i \u0111a d\u1ea1ng, n\u1ed5i b\u1eadt t\u1ea1i 189WG<\/span><\/h3>\n\t\t\n<style>\n#text-175480344 {\n  color: rgb(0,0,0);\n}\n#text-175480344 > * {\n  color: rgb(0,0,0);\n}\n<\/style>\n\t<\/div>\n\t\n\t\t<\/div>\n\t\t\t\t\t<\/div>\n\n\t\n<\/div>\n<div class=\"row\"  id=\"row-665325424\">\n\n\t<div id=\"col-1676301157\" class=\"col small-12 large-12\"  >\n\t\t\t\t<div class=\"col-inner\"  >\n\t\t\t\n\t\t\t\n<div class=\"row\"  id=\"row-1754048699\">\n\n\t<div id=\"col-836169309\" class=\"col medium-4 small-12 large-4\"  >\n\t\t\t\t<div class=\"col-inner\"  >\n\t\t\t\n\t\t\t\n\t<div class=\"img has-hover x md-x lg-x y md-y lg-y\" id=\"image_1493173649\">\n\t\t<a class=\"\" href=\"https:\/\/189wg.dev\/qc\/2\" target=\"_blank\" rel=\"noopener\">\t\t\t\t\t\t<div class=\"img-inner dark\" >\n\t\t\t<img loading=\"lazy\" decoding=\"async\" width=\"260\" height=\"280\" src=\"https:\/\/189wg.dev\/wp-content\/uploads\/2026\/01\/sanh-casino.png\" class=\"attachment-original size-original\" alt=\"189wg\" \/>\t\t\t\t\t\t\n\t\t\t\t\t<\/div>\n\t\t\t\t\t\t<\/a>\t\t\n<style>\n#image_1493173649 {\n  width: 100%;\n}\n<\/style>\n\t<\/div>\n\t\n\t\t<\/div>\n\t\t\t\t\t<\/div>\n\n\t\n\n\t<div id=\"col-1629040412\" class=\"col medium-4 small-12 large-4\"  >\n\t\t\t\t<div class=\"col-inner\"  >\n\t\t\t\n\t\t\t\n\t<div class=\"img has-hover x md-x lg-x y md-y lg-y\" id=\"image_1135931079\">\n\t\t<a class=\"\" href=\"https:\/\/189wg.dev\/qc\/2\" target=\"_blank\" rel=\"noopener\">\t\t\t\t\t\t<div class=\"img-inner dark\" >\n\t\t\t<img loading=\"lazy\" decoding=\"async\" width=\"260\" height=\"280\" src=\"https:\/\/189wg.dev\/wp-content\/uploads\/2026\/01\/sanh-ban-ca.png\" class=\"attachment-original size-original\" alt=\"\" \/>\t\t\t\t\t\t\n\t\t\t\t\t<\/div>\n\t\t\t\t\t\t<\/a>\t\t\n<style>\n#image_1135931079 {\n  width: 100%;\n}\n<\/style>\n\t<\/div>\n\t\n\t\t<\/div>\n\t\t\t\t\t<\/div>\n\n\t\n\n\t<div id=\"col-1297287118\" class=\"col medium-4 small-12 large-4\"  >\n\t\t\t\t<div class=\"col-inner\"  >\n\t\t\t\n\t\t\t\n\t<div class=\"img has-hover x md-x lg-x y md-y lg-y\" id=\"image_1124431573\">\n\t\t<a class=\"\" href=\"https:\/\/189wg.dev\/qc\/2\" target=\"_blank\" rel=\"noopener\">\t\t\t\t\t\t<div class=\"img-inner dark\" >\n\t\t\t<img loading=\"lazy\" decoding=\"async\" width=\"260\" height=\"280\" src=\"https:\/\/189wg.dev\/wp-content\/uploads\/2026\/01\/sanh-no-hu.png\" class=\"attachment-original size-original\" alt=\"\" \/>\t\t\t\t\t\t\n\t\t\t\t\t<\/div>\n\t\t\t\t\t\t<\/a>\t\t\n<style>\n#image_1124431573 {\n  width: 100%;\n}\n<\/style>\n\t<\/div>\n\t\n\t\t<\/div>\n\t\t\t\t\t<\/div>\n\n\t\n<\/div>\n<div class=\"row\"  id=\"row-1171295406\">\n\n\t<div id=\"col-2088441239\" class=\"col medium-4 small-12 large-4\"  >\n\t\t\t\t<div class=\"col-inner\"  >\n\t\t\t\n\t\t\t\n\t<div class=\"img has-hover x md-x lg-x y md-y lg-y\" id=\"image_1741768273\">\n\t\t<a class=\"\" href=\"https:\/\/189wg.dev\/qc\/2\" target=\"_blank\" rel=\"noopener\">\t\t\t\t\t\t<div class=\"img-inner dark\" >\n\t\t\t<img loading=\"lazy\" decoding=\"async\" width=\"260\" height=\"280\" src=\"https:\/\/189wg.dev\/wp-content\/uploads\/2026\/01\/sanh-ca-cuoc-the-thao.png\" class=\"attachment-original size-original\" alt=\"\" \/>\t\t\t\t\t\t\n\t\t\t\t\t<\/div>\n\t\t\t\t\t\t<\/a>\t\t\n<style>\n#image_1741768273 {\n  width: 100%;\n}\n<\/style>\n\t<\/div>\n\t\n\t\t<\/div>\n\t\t\t\t\t<\/div>\n\n\t\n\n\t<div id=\"col-1068733652\" class=\"col medium-4 small-12 large-4\"  >\n\t\t\t\t<div class=\"col-inner\"  >\n\t\t\t\n\t\t\t\n\t<div class=\"img has-hover x md-x lg-x y md-y lg-y\" id=\"image_1935575159\">\n\t\t<a class=\"\" href=\"https:\/\/189wg.dev\/qc\/2\" target=\"_blank\" rel=\"noopener\">\t\t\t\t\t\t<div class=\"img-inner dark\" >\n\t\t\t<img loading=\"lazy\" decoding=\"async\" width=\"260\" height=\"280\" src=\"https:\/\/189wg.dev\/wp-content\/uploads\/2026\/01\/sanh-xo-so.png\" class=\"attachment-original size-original\" alt=\"189wg\" \/>\t\t\t\t\t\t\n\t\t\t\t\t<\/div>\n\t\t\t\t\t\t<\/a>\t\t\n<style>\n#image_1935575159 {\n  width: 100%;\n}\n<\/style>\n\t<\/div>\n\t\n\t\t<\/div>\n\t\t\t\t\t<\/div>\n\n\t\n\n\t<div id=\"col-273046492\" class=\"col medium-4 small-12 large-4\"  >\n\t\t\t\t<div class=\"col-inner\"  >\n\t\t\t\n\t\t\t\n\t<div class=\"img has-hover x md-x lg-x y md-y lg-y\" id=\"image_1316343704\">\n\t\t<a class=\"\" href=\"https:\/\/189wg.dev\/qc\/2\" target=\"_blank\" rel=\"noopener\">\t\t\t\t\t\t<div class=\"img-inner dark\" >\n\t\t\t<img loading=\"lazy\" decoding=\"async\" width=\"260\" height=\"280\" src=\"https:\/\/189wg.dev\/wp-content\/uploads\/2026\/01\/sanh-cuoc-esports-mm88.png\" class=\"attachment-original size-original\" alt=\"189wg\" \/>\t\t\t\t\t\t\n\t\t\t\t\t<\/div>\n\t\t\t\t\t\t<\/a>\t\t\n<style>\n#image_1316343704 {\n  width: 100%;\n}\n<\/style>\n\t<\/div>\n\t\n\t\t<\/div>\n\t\t\t\t\t<\/div>\n\n\t\n<\/div>\n\t<div id=\"text-290757616\" class=\"text\">\n\t\t\n<p data-start=\"1276\" data-end=\"1561\"><span style=\"font-family: verdana, geneva, sans-serif;\">Nh\u1eafc \u0111\u1ebfn\u00a0<strong data-start=\"1285\" data-end=\"1299\">189WG COM<\/strong>, ng\u01b0\u1eddi ch\u01a1i kh\u00f4ng th\u1ec3 b\u1ecf qua h\u00e0ng tr\u0103m slot game v\u1edbi ch\u1ee7 \u0111\u1ec1 \u0111a d\u1ea1ng t\u1eeb c\u1ed5 \u0111i\u1ec3n \u0111\u1ebfn hi\u1ec7n \u0111\u1ea1i. H\u1ec7 th\u1ed1ng \u0111\u01b0\u1ee3c thi\u1ebft k\u1ebf v\u1edbi t\u1ef7 l\u1ec7 th\u1eafng cao, hi\u1ec7u \u1ee9ng s\u1ed1ng \u0111\u1ed9ng v\u00e0 ph\u1ea7n th\u01b0\u1edfng kh\u1ed5ng l\u1ed3,\u00a0 mang l\u1ea1i c\u01a1 h\u1ed9i tr\u00fang l\u1edbn.<\/span><\/p>\n<ul>\n<li><span style=\"font-family: verdana, geneva, sans-serif;\"><strong data-start=\"1865\" data-end=\"1886\">C\u00e1 c\u01b0\u1ee3c th\u1ec3 thao:<\/strong>\u00a0B\u00f3ng \u0111\u00e1, b\u00f3ng r\u1ed5, tennis, c\u1ea7u l\u00f4ng, eSports\u2026 v\u1edbi t\u1ef7 l\u1ec7 k\u00e8o h\u1ea5p d\u1eabn v\u00e0 d\u1eef li\u1ec7u c\u1eadp nh\u1eadt li\u00ean t\u1ee5c theo th\u1eddi gian th\u1ef1c.<\/span><\/li>\n<li><span style=\"font-family: verdana, geneva, sans-serif;\"><strong data-start=\"1959\" data-end=\"1981\">Casino tr\u1ef1c tuy\u1ebfn:<\/strong>\u00a0Baccarat, Roulette, Blackjack, Sicbo v\u1edbi dealer xinh \u0111\u1eb9p v\u00e0 h\u1ec7 th\u1ed1ng livestream s\u1eafc n\u00e9t.<\/span><\/li>\n<li><span style=\"font-family: verdana, geneva, sans-serif;\"><strong data-start=\"2075\" data-end=\"2089\">Slot game:<\/strong>\u00a0H\u00e0ng ngh\u00ecn t\u1ef1a game n\u1ed5 h\u0169 t\u1eeb c\u00e1c nh\u00e0 ph\u00e1t tri\u1ec3n h\u00e0ng \u0111\u1ea7u th\u1ebf gi\u1edbi.<\/span><\/li>\n<li><span style=\"font-family: verdana, geneva, sans-serif;\"><strong data-start=\"2161\" data-end=\"2179\">X\u1ed5 s\u1ed1 :<\/strong>\u00a0\u0110\u1ea7y \u0111\u1ee7 x\u1ed5 s\u1ed1 truy\u1ec1n th\u1ed1ng, Keno, game Number.<\/span><\/li>\n<li><span style=\"font-family: verdana, geneva, sans-serif;\"><strong data-start=\"2230\" data-end=\"2254\">Game b\u00e0i \u0111\u1ed5i th\u01b0\u1edfng:<\/strong>\u00a0Ti\u1ebfn l\u00ean, Poker, Ph\u1ecfm, M\u1eadu binh, X\u00ec d\u00e1ch\u2026mang l\u1ea1i tr\u1ea3i nghi\u1ec7m nh\u01b0 t\u1ea1i s\u00f2ng b\u00e0i qu\u1ed1c t\u1ebf<\/span><\/li>\n<li><span style=\"font-family: verdana, geneva, sans-serif;\"><b>\u0110\u00e1 g\u00e0:\u00a0<\/b>\u0110\u00e1 g\u00e0 Thomo, \u0111\u00e1 g\u00e0 tre, \u0111\u00e1 g\u00e0 m\u1ef9, \u0111\u00e1 g\u00e0 c\u1ef1a s\u1eaft, \u0111\u00e1 g\u00e0 c\u1ef1a dao,\u2026<\/span><\/li>\n<\/ul>\n<p data-start=\"2302\" data-end=\"2397\"><span style=\"font-family: verdana, geneva, sans-serif;\">V\u1edbi danh m\u1ee5c tr\u00f2 ch\u01a1i phong ph\u00fa n\u00e0y, ng\u01b0\u1eddi ch\u01a1i c\u00f3 th\u1ec3 th\u1ecfa s\u1ee9c l\u1ef1a ch\u1ecdn theo s\u1edf th\u00edch c\u00e1 nh\u00e2n.<\/span><\/p>\n<h3 data-start=\"1983\" data-end=\"2014\"><span style=\"font-family: verdana, geneva, sans-serif; color: #b68d45;\">C\u00e1c ch\u01b0\u1eddng tr\u00ecnh khuy\u1ebfn m\u00e3i v\u00e0 \u01b0u \u0111\u00e3i h\u1ea5p d\u1eabn<\/span><\/h3>\n\t\t\n<style>\n#text-290757616 {\n  color: rgb(0,0,0);\n}\n#text-290757616 > * {\n  color: rgb(0,0,0);\n}\n<\/style>\n\t<\/div>\n\t\n<div class=\"row\"  id=\"row-1546494659\">\n\n\t<div id=\"col-1606909239\" class=\"col medium-6 small-12 large-6\"  >\n\t\t\t\t<div class=\"col-inner\"  >\n\t\t\t\n\t\t\t\n\t<div class=\"img has-hover x md-x lg-x y md-y lg-y\" id=\"image_2094208521\">\n\t\t<a class=\"\" href=\"https:\/\/189wg.dev\/qc\/2\" target=\"_blank\" rel=\"noopener\">\t\t\t\t\t\t<div class=\"img-inner dark\" >\n\t\t\t<img loading=\"lazy\" decoding=\"async\" width=\"710\" height=\"320\" src=\"https:\/\/189wg.dev\/wp-content\/uploads\/2026\/01\/189wg-dk.avif\" class=\"attachment-original size-original\" alt=\"189wg\" srcset=\"https:\/\/189wg.dev\/wp-content\/uploads\/2026\/01\/189wg-dk.avif 710w, https:\/\/189wg.dev\/wp-content\/uploads\/2026\/01\/189wg-dk-300x135.avif 300w\" sizes=\"auto, (max-width: 710px) 100vw, 710px\" \/>\t\t\t\t\t\t\n\t\t\t\t\t<\/div>\n\t\t\t\t\t\t<\/a>\t\t\n<style>\n#image_2094208521 {\n  width: 100%;\n}\n<\/style>\n\t<\/div>\n\t\n\t\t<\/div>\n\t\t\t\t\t<\/div>\n\n\t\n\n\t<div id=\"col-1905687380\" class=\"col medium-6 small-12 large-6\"  >\n\t\t\t\t<div class=\"col-inner\"  >\n\t\t\t\n\t\t\t\n\t<div class=\"img has-hover x md-x lg-x y md-y lg-y\" id=\"image_81783402\">\n\t\t<a class=\"\" href=\"https:\/\/189wg.dev\/qc\/2\" target=\"_blank\" rel=\"noopener\">\t\t\t\t\t\t<div class=\"img-inner dark\" >\n\t\t\t<img loading=\"lazy\" decoding=\"async\" width=\"710\" height=\"320\" src=\"https:\/\/189wg.dev\/wp-content\/uploads\/2026\/01\/189wg-gt.avif\" class=\"attachment-original size-original\" alt=\"\" srcset=\"https:\/\/189wg.dev\/wp-content\/uploads\/2026\/01\/189wg-gt.avif 710w, https:\/\/189wg.dev\/wp-content\/uploads\/2026\/01\/189wg-gt-300x135.avif 300w\" sizes=\"auto, (max-width: 710px) 100vw, 710px\" \/>\t\t\t\t\t\t\n\t\t\t\t\t<\/div>\n\t\t\t\t\t\t<\/a>\t\t\n<style>\n#image_81783402 {\n  width: 100%;\n}\n<\/style>\n\t<\/div>\n\t\n\t\t<\/div>\n\t\t\t\t\t<\/div>\n\n\t\n<\/div>\n<div class=\"row\"  id=\"row-1059591865\">\n\n\t<div id=\"col-325029801\" class=\"col medium-6 small-12 large-6\"  >\n\t\t\t\t<div class=\"col-inner\"  >\n\t\t\t\n\t\t\t\n\t<div class=\"img has-hover x md-x lg-x y md-y lg-y\" id=\"image_1152011657\">\n\t\t<a class=\"\" href=\"https:\/\/189wg.dev\/qc\/2\" target=\"_blank\" rel=\"noopener\">\t\t\t\t\t\t<div class=\"img-inner dark\" >\n\t\t\t<img loading=\"lazy\" decoding=\"async\" width=\"710\" height=\"320\" src=\"https:\/\/189wg.dev\/wp-content\/uploads\/2026\/01\/189wg-lx.avif\" class=\"attachment-original size-original\" alt=\"\" srcset=\"https:\/\/189wg.dev\/wp-content\/uploads\/2026\/01\/189wg-lx.avif 710w, https:\/\/189wg.dev\/wp-content\/uploads\/2026\/01\/189wg-lx-300x135.avif 300w\" sizes=\"auto, (max-width: 710px) 100vw, 710px\" \/>\t\t\t\t\t\t\n\t\t\t\t\t<\/div>\n\t\t\t\t\t\t<\/a>\t\t\n<style>\n#image_1152011657 {\n  width: 100%;\n}\n<\/style>\n\t<\/div>\n\t\n\t\t<\/div>\n\t\t\t\t\t<\/div>\n\n\t\n\n\t<div id=\"col-2008631286\" class=\"col medium-6 small-12 large-6\"  >\n\t\t\t\t<div class=\"col-inner\"  >\n\t\t\t\n\t\t\t\n\t<div class=\"img has-hover x md-x lg-x y md-y lg-y\" id=\"image_161211246\">\n\t\t<a class=\"\" href=\"https:\/\/189wg.dev\/qc\/2\" target=\"_blank\" rel=\"noopener\">\t\t\t\t\t\t<div class=\"img-inner dark\" >\n\t\t\t<img loading=\"lazy\" decoding=\"async\" width=\"710\" height=\"320\" src=\"https:\/\/189wg.dev\/wp-content\/uploads\/2026\/01\/189wg-napdau.avif\" class=\"attachment-original size-original\" alt=\"189wg\" srcset=\"https:\/\/189wg.dev\/wp-content\/uploads\/2026\/01\/189wg-napdau.avif 710w, https:\/\/189wg.dev\/wp-content\/uploads\/2026\/01\/189wg-napdau-300x135.avif 300w\" sizes=\"auto, (max-width: 710px) 100vw, 710px\" \/>\t\t\t\t\t\t\n\t\t\t\t\t<\/div>\n\t\t\t\t\t\t<\/a>\t\t\n<style>\n#image_161211246 {\n  width: 100%;\n}\n<\/style>\n\t<\/div>\n\t\n\t\t<\/div>\n\t\t\t\t\t<\/div>\n\n\t\n<\/div>\n\t<div id=\"text-2180691767\" class=\"text\">\n\t\t\n<p><span style=\"font-family: verdana, geneva, sans-serif;\">T\u01b0ng b\u1eebng c\u00e1c s\u1ef1 ki\u1ec7n, ch\u01b0\u01a1ng tr\u00ecnh khuy\u1ebfn m\u00e3i h\u1ea5p d\u1eabn \u0111\u01b0\u1ee3c\u00a0<b>c\u00f4ng game <\/b>thi\u1ebft l\u1eadp cho h\u1ed9i vi\u00ean. Khi tham gia c\u00e1 c\u01b0\u1ee3c t\u1ea1i n\u1ec1n t\u1ea3ng\u00a0<b>189WG <\/b>ng\u01b0\u1eddi ch\u01a1i c\u00f3 c\u01a1 h\u1ed9i nh\u1eadn nhi\u1ec1u \u01b0u \u0111\u00e3i, \u0111a d\u1ea1ng c\u00e1c h\u00ecnh th\u1ee9c th\u01b0\u1edfng. \u0110i\u1ec3n h\u00ecnh nh\u01b0 c\u00e1c ch\u01b0\u01a1ng tr\u00ecnh khuy\u1ebfn m\u00e3i \u0111\u0103ng k\u00fd l\u1ea7n \u0111\u1ea7u \u0111\u1ed1i v\u1edbi t\u00e2n th\u1ee7, n\u1ea1p ti\u1ec1n l\u1ea7n \u0111\u1ea7u hay ch\u01b0\u01a1ng tr\u00ecnh ho\u00e0n c\u01b0\u1ee3c cho ng\u01b0\u1eddi ch\u01a1i.<\/span><\/p>\n<p><span style=\"font-family: verdana, geneva, sans-serif;\">\u0110a d\u1ea1ng c\u00e1c ch\u01b0\u01a1ng tr\u00ecnh \u01b0u \u0111\u00e3i \u0111\u1eb7c bi\u1ec7t ch\u01b0a t\u1eebng c\u00f3. D\u00f9 l\u00e0 t\u00e2n binh hay ng\u01b0\u1eddi ch\u01a1i l\u00e2u n\u0103m c\u0169ng \u0111\u1ec1u \u0111\u01b0\u1ee3c nh\u1eadn \u01b0u \u0111\u00e3i v\u1edbi c\u00e1c c\u1ea5p b\u1eadc kh\u00e1c nhau theo th\u1ee9 h\u1ea1ng c\u1ee7a t\u00e0i kho\u1ea3n game.<\/span><\/p>\n<p data-start=\"2338\" data-end=\"2482\"><span style=\"font-family: verdana, geneva, sans-serif;\">\u0110\u1eb7c bi\u1ec7t, ng\u01b0\u1eddi ch\u01a1i tham gia\u00a0s\u1ebd c\u00f3 th\u00eam nhi\u1ec1u ch\u01b0\u01a1ng tr\u00ecnh khuy\u1ebfn m\u00e3i ri\u00eang, gia t\u0103ng c\u01a1 h\u1ed9i \u201crinh\u201d nh\u1eefng ph\u1ea7n th\u01b0\u1edfng c\u1ef1c kh\u1ee7ng.<\/span><\/p>\n<h3 data-start=\"2489\" data-end=\"2529\"><span style=\"font-family: verdana, geneva, sans-serif; color: #b68d45;\">N\u1ea1p \u2013 r\u00fat ti\u1ec1n nhanh ch\u00f3ng v\u00e0 an to\u00e0n<\/span><\/h3>\n<p data-start=\"2531\" data-end=\"2814\"><span style=\"font-family: verdana, geneva, sans-serif;\">189WG com h\u1ed7 tr\u1ee3 \u0111a d\u1ea1ng ph\u01b0\u01a1ng th\u1ee9c giao d\u1ecbch nh\u01b0 chuy\u1ec3n kho\u1ea3n ng\u00e2n h\u00e0ng n\u1ed9i \u0111\u1ecba v\u00e0 c\u00e1c v\u00ed \u0111i\u1ec7n t\u1eed ph\u1ed5 bi\u1ebfn g\u1ed3m Momo, ZaloPay, ViettelPay. Th\u1eddi gian x\u1eed l\u00fd n\u1ea1p ti\u1ec1n ch\u1ec9 m\u1ea5t kho\u1ea3ng 1\u20133 ph\u00fat v\u00e0 r\u00fat ti\u1ec1n t\u1eeb 5\u201310 ph\u00fat. T\u1ea5t c\u1ea3 \u0111\u1ec1u \u0111\u01b0\u1ee3c m\u00e3 h\u00f3a b\u1ea3o m\u1eadt, \u0111\u1ea3m b\u1ea3o an to\u00e0n tuy\u1ec7t \u0111\u1ed1i cho ng\u01b0\u1eddi ch\u01a1i.<\/span><\/p>\n<h2 data-start=\"2821\" data-end=\"2832\"><span style=\"font-family: verdana, geneva, sans-serif; color: #b68d45;\">K\u1ebft lu\u1eadn<\/span><\/h2>\n<p data-start=\"2834\" data-end=\"3147\"><span style=\"font-family: verdana, geneva, sans-serif;\"><b>189WG <\/b>V\u1edbi kho tr\u00f2 ch\u01a1i \u0111a d\u1ea1ng, c\u00f9ng d\u1ecbch v\u1ee5 ch\u1ea5t l\u01b0\u1ee3ng t\u1eeb s\u1ea3n ph\u1ea9m \u0111\u1ebfn d\u1ecbch v\u1ee5 chuy\u00ean nghi\u1ec7p, b\u1ea3o m\u1eadt cao v\u00e0 khuy\u1ebfn m\u00e3i li\u00ean t\u1ee5c, x\u1ee9ng \u0111\u00e1ng l\u00e0 \u0111i\u1ec3m \u0111\u1ebfn h\u00e0ng \u0111\u1ea7u cho nh\u1eefng ai y\u00eau th\u00edch c\u00e1 c\u01b0\u1ee3c tr\u1ef1c tuy\u1ebfn. \u0110\u00e2y l\u00e0 n\u01a1i b\u1ea1n v\u1eeba c\u00f3 th\u1ec3 gi\u1ea3i tr\u00ed, v\u1eeba c\u00f3 c\u01a1 h\u1ed9i nh\u1eadn th\u01b0\u1edfng l\u1edbn trong m\u1ed9t m\u00f4i tr\u01b0\u1eddng uy t\u00edn v\u00e0 \u0111\u1eb3ng c\u1ea5p. <\/span><\/p>\n<p data-start=\"2834\" data-end=\"3147\"><span style=\"font-family: verdana, geneva, sans-serif;\">Truy c\u1eadp website: <span style=\"color: #b68d45;\"><strong><a style=\"color: #b68d45;\" href=\"https:\/\/189wg.dev\/\">https:\/\/189wg.dev\/<\/a><\/strong><\/span>\u00a0 \u0111\u1ec3 \u0111\u0103ng k\u00fd t\u00e0i kho\u1ea3n v\u00e0 t\u1eadn h\u01b0\u1edfng h\u1ec7 th\u1ed1ng game t\u1ea1i 189WG ngay nh\u00e9.<\/span><\/p>\n\t\t\n<style>\n#text-2180691767 {\n  color: rgb(0,0,0);\n}\n#text-2180691767 > * {\n  color: rgb(0,0,0);\n}\n<\/style>\n\t<\/div>\n\t\n\t\t<\/div>\n\t\t\t\t\t<\/div>\n\n\t\n<\/div>\n","protected":false},"excerpt":{"rendered":"","protected":false},"author":1,"featured_media":6,"parent":0,"menu_order":0,"comment_status":"closed","ping_status":"closed","template":"","meta":{"footnotes":""},"class_list":["post-28","page","type-page","status-publish","has-post-thumbnail","hentry"],"_links":{"self":[{"href":"https:\/\/189wg.dev\/index.php?rest_route=\/wp\/v2\/pages\/28","targetHints":{"allow":["GET"]}}],"collection":[{"href":"https:\/\/189wg.dev\/index.php?rest_route=\/wp\/v2\/pages"}],"about":[{"href":"https:\/\/189wg.dev\/index.php?rest_route=\/wp\/v2\/types\/page"}],"author":[{"embeddable":true,"href":"https:\/\/189wg.dev\/index.php?rest_route=\/wp\/v2\/users\/1"}],"replies":[{"embeddable":true,"href":"https:\/\/189wg.dev\/index.php?rest_route=%2Fwp%2Fv2%2Fcomments&post=28"}],"version-history":[{"count":9,"href":"https:\/\/189wg.dev\/index.php?rest_route=\/wp\/v2\/pages\/28\/revisions"}],"predecessor-version":[{"id":67,"href":"https:\/\/189wg.dev\/index.php?rest_route=\/wp\/v2\/pages\/28\/revisions\/67"}],"wp:featuredmedia":[{"embeddable":true,"href":"https:\/\/189wg.dev\/index.php?rest_route=\/wp\/v2\/media\/6"}],"wp:attachment":[{"href":"https:\/\/189wg.dev\/index.php?rest_route=%2Fwp%2Fv2%2Fmedia&parent=28"}],"curies":[{"name":"wp","href":"https:\/\/api.w.org\/{rel}","templated":true}]}}